{"id":2,"date":"2009-10-07T12:50:53","date_gmt":"2009-10-07T10:50:53","guid":{"rendered":"https:\/\/quentin.letellier.org\/?page_id=2"},"modified":"2023-04-24T02:51:57","modified_gmt":"2023-04-24T00:51:57","slug":"a-propos","status":"publish","type":"page","link":"https:\/\/quentin.letellier.org\/?page_id=2","title":{"rendered":"\u00c0 propos"},"content":{"rendered":"<div align=\"justify\">\nCe site est d\u00e9di\u00e9 \u00e0 Quentin et Chlo\u00e9. Il a pour vocation de permettre \u00e0 la famille et aux proches amis de suivre l&rsquo;\u00e9volution de Quentin et de Chlo\u00e9. En attendant que Quentin ou Chlo\u00e9 puissent \u00e9ventuellement s&rsquo;occuper un jour de ce blog, il sera entretenu par ses parents.\n<\/div>\n","protected":false},"excerpt":{"rendered":"<p>Ce site est d\u00e9di\u00e9 \u00e0 Quentin et Chlo\u00e9. Il a pour vocation de permettre \u00e0 la famille et aux proches amis de suivre l&rsquo;\u00e9volution de Quentin et de Chlo\u00e9. En attendant que Quentin ou Chlo\u00e9 puissent \u00e9ventuellement s&rsquo;occuper un jour &hellip; <a href=\"https:\/\/quentin.letellier.org\/?page_id=2\">Continuer la lecture <span class=\"meta-nav\">&rarr;<\/span><\/a><\/p>\n","protected":false},"author":3,"featured_media":0,"parent":0,"menu_order":0,"comment_status":"open","ping_status":"open","template":"","meta":{"footnotes":""},"class_list":["post-2","page","type-page","status-publish","hentry"],"_links":{"self":[{"href":"https:\/\/quentin.letellier.org\/index.php?rest_route=\/wp\/v2\/pages\/2","targetHints":{"allow":["GET"]}}],"collection":[{"href":"https:\/\/quentin.letellier.org\/index.php?rest_route=\/wp\/v2\/pages"}],"about":[{"href":"https:\/\/quentin.letellier.org\/index.php?rest_route=\/wp\/v2\/types\/page"}],"author":[{"embeddable":true,"href":"https:\/\/quentin.letellier.org\/index.php?rest_route=\/wp\/v2\/users\/3"}],"replies":[{"embeddable":true,"href":"https:\/\/quentin.letellier.org\/index.php?rest_route=%2Fwp%2Fv2%2Fcomments&post=2"}],"version-history":[{"count":8,"href":"https:\/\/quentin.letellier.org\/index.php?rest_route=\/wp\/v2\/pages\/2\/revisions"}],"predecessor-version":[{"id":14643,"href":"https:\/\/quentin.letellier.org\/index.php?rest_route=\/wp\/v2\/pages\/2\/revisions\/14643"}],"wp:attachment":[{"href":"https:\/\/quentin.letellier.org\/index.php?rest_route=%2Fwp%2Fv2%2Fmedia&parent=2"}],"curies":[{"name":"wp","href":"https:\/\/api.w.org\/{rel}","templated":true}]}}